{"id":735,"date":"2023-08-11T02:22:16","date_gmt":"2023-08-11T02:22:16","guid":{"rendered":"https:\/\/www.goncalo.pt\/suzanagarcia\/?page_id=735"},"modified":"2024-02-23T02:49:27","modified_gmt":"2024-02-23T02:49:27","slug":"artigos-de-opiniao-suzana-garcia","status":"publish","type":"page","link":"https:\/\/www.suzanagarcia.pt\/pt\/artigos-de-opiniao-suzana-garcia\/","title":{"rendered":"Artigos de Opini\u00e3o (Suzana Garcia)"},"content":{"rendered":"\n<p>Aqui uma galeria com artigos de opini\u00e3o.<\/p>\n\n\n\n<div class=\"wp-block-query is-layout-flow wp-block-query-is-layout-flow\">\n<div class=\"wp-block-group is-layout-constrained wp-block-group-is-layout-constrained\"><ul class=\"wp-block-latest-posts__list is-grid columns-2 has-dates wp-block-latest-posts\"><li><div class=\"wp-block-latest-posts__featured-image\"><a href=\"https:\/\/www.suzanagarcia.pt\/pt\/2021-05-06-um-exterminio-mais-do-que-desejavel-artigo-de-opiniao-no-observador\/\" aria-label=\"2021-05-06 &#8211; &#8220;Um exterm\u00ednio mais do que desej\u00e1vel&#8221; (Artigo de Opini\u00e3o no Observador)\"><img loading=\"lazy\" decoding=\"async\" width=\"800\" height=\"800\" src=\"https:\/\/www.suzanagarcia.pt\/pt\/wp-content\/uploads\/2023\/08\/2021-05-06-Um-exterminio-mais-do-que-desejavel-Artigo-de-Opiniao-no-Observador.jpg\" class=\"attachment-large size-large wp-post-image\" alt=\"2021-05-06 - &quot;Um exterm\u00ednio mais do que desej\u00e1vel&quot; (Artigo de Opini\u00e3o no Observador)\" style=\"\" srcset=\"https:\/\/www.suzanagarcia.pt\/pt\/wp-content\/uploads\/2023\/08\/2021-05-06-Um-exterminio-mais-do-que-desejavel-Artigo-de-Opiniao-no-Observador.jpg 960w, https:\/\/www.suzanagarcia.pt\/pt\/wp-content\/uploads\/2023\/08\/2021-05-06-Um-exterminio-mais-do-que-desejavel-Artigo-de-Opiniao-no-Observador-300x300.jpg 300w, https:\/\/www.suzanagarcia.pt\/pt\/wp-content\/uploads\/2023\/08\/2021-05-06-Um-exterminio-mais-do-que-desejavel-Artigo-de-Opiniao-no-Observador-150x150.jpg 150w, https:\/\/www.suzanagarcia.pt\/pt\/wp-content\/uploads\/2023\/08\/2021-05-06-Um-exterminio-mais-do-que-desejavel-Artigo-de-Opiniao-no-Observador-768x768.jpg 768w\" sizes=\"auto, (max-width: 800px) 100vw, 800px\" \/><\/a><\/div><a class=\"wp-block-latest-posts__post-title\" href=\"https:\/\/www.suzanagarcia.pt\/pt\/2021-05-06-um-exterminio-mais-do-que-desejavel-artigo-de-opiniao-no-observador\/\">2021-05-06 &#8211; &#8220;Um exterm\u00ednio mais do que desej\u00e1vel&#8221; (Artigo de Opini\u00e3o no Observador)<\/a><time datetime=\"2021-05-06T01:56:41+00:00\" class=\"wp-block-latest-posts__post-date\">Maio 6, 2021<\/time><div class=\"wp-block-latest-posts__post-excerpt\">Um exterm\u00ednio mais do que desej\u00e1vel &#8211; Convido-vos a lerem o meu Artigo de Opini\u00e3o para o Observador: Post original: 2021-05-06.<\/div><\/li>\n<li><div class=\"wp-block-latest-posts__featured-image\"><a href=\"https:\/\/www.suzanagarcia.pt\/pt\/2021-04-29-declaracao-de-consciencia-de-suzana-garcia\/\" aria-label=\"2021-04-29 &#8211; Declara\u00e7\u00e3o de Consci\u00eancia de Suzana Garcia\"><img loading=\"lazy\" decoding=\"async\" width=\"800\" height=\"800\" src=\"https:\/\/www.suzanagarcia.pt\/pt\/wp-content\/uploads\/2023\/08\/2021-04-29-Declaracao-de-Consciencia-de-Suzana-Garcia.jpg\" class=\"attachment-large size-large wp-post-image\" alt=\"2021-04-29 - Declara\u00e7\u00e3o de Consci\u00eancia de Suzana Garcia\" style=\"\" srcset=\"https:\/\/www.suzanagarcia.pt\/pt\/wp-content\/uploads\/2023\/08\/2021-04-29-Declaracao-de-Consciencia-de-Suzana-Garcia.jpg 960w, https:\/\/www.suzanagarcia.pt\/pt\/wp-content\/uploads\/2023\/08\/2021-04-29-Declaracao-de-Consciencia-de-Suzana-Garcia-300x300.jpg 300w, https:\/\/www.suzanagarcia.pt\/pt\/wp-content\/uploads\/2023\/08\/2021-04-29-Declaracao-de-Consciencia-de-Suzana-Garcia-150x150.jpg 150w, https:\/\/www.suzanagarcia.pt\/pt\/wp-content\/uploads\/2023\/08\/2021-04-29-Declaracao-de-Consciencia-de-Suzana-Garcia-768x768.jpg 768w\" sizes=\"auto, (max-width: 800px) 100vw, 800px\" \/><\/a><\/div><a class=\"wp-block-latest-posts__post-title\" href=\"https:\/\/www.suzanagarcia.pt\/pt\/2021-04-29-declaracao-de-consciencia-de-suzana-garcia\/\">2021-04-29 &#8211; Declara\u00e7\u00e3o de Consci\u00eancia de Suzana Garcia<\/a><time datetime=\"2021-04-29T01:34:30+00:00\" class=\"wp-block-latest-posts__post-date\">Abril 29, 2021<\/time><div class=\"wp-block-latest-posts__post-excerpt\">Declara\u00e7\u00e3o de Consci\u00eancia &#8211; Convido-vos a lerem o meu Artigo de Opini\u00e3o para o Observador: Post associado: 2021-04-29.<\/div><\/li>\n<\/ul><\/div>\n<\/div>\n","protected":false},"excerpt":{"rendered":"<p>Aqui uma galeria com artigos de opini\u00e3o.<\/p>\n","protected":false},"author":1,"featured_media":709,"parent":0,"menu_order":0,"comment_status":"closed","ping_status":"closed","template":"","meta":{"_monsterinsights_skip_tracking":false,"_monsterinsights_sitenote_active":false,"_monsterinsights_sitenote_note":"","_monsterinsights_sitenote_category":0,"footnotes":""},"class_list":["post-735","page","type-page","status-publish","has-post-thumbnail","hentry"],"_links":{"self":[{"href":"https:\/\/www.suzanagarcia.pt\/pt\/wp-json\/wp\/v2\/pages\/735","targetHints":{"allow":["GET"]}}],"collection":[{"href":"https:\/\/www.suzanagarcia.pt\/pt\/wp-json\/wp\/v2\/pages"}],"about":[{"href":"https:\/\/www.suzanagarcia.pt\/pt\/wp-json\/wp\/v2\/types\/page"}],"author":[{"embeddable":true,"href":"https:\/\/www.suzanagarcia.pt\/pt\/wp-json\/wp\/v2\/users\/1"}],"replies":[{"embeddable":true,"href":"https:\/\/www.suzanagarcia.pt\/pt\/wp-json\/wp\/v2\/comments?post=735"}],"version-history":[{"count":8,"href":"https:\/\/www.suzanagarcia.pt\/pt\/wp-json\/wp\/v2\/pages\/735\/revisions"}],"predecessor-version":[{"id":1357,"href":"https:\/\/www.suzanagarcia.pt\/pt\/wp-json\/wp\/v2\/pages\/735\/revisions\/1357"}],"wp:featuredmedia":[{"embeddable":true,"href":"https:\/\/www.suzanagarcia.pt\/pt\/wp-json\/wp\/v2\/media\/709"}],"wp:attachment":[{"href":"https:\/\/www.suzanagarcia.pt\/pt\/wp-json\/wp\/v2\/media?parent=735"}],"curies":[{"name":"wp","href":"https:\/\/api.w.org\/{rel}","templated":true}]}}